{"id":1430,"date":"2018-01-25T10:20:47","date_gmt":"2018-01-25T15:20:47","guid":{"rendered":"http:\/\/eastcoastclinic.ca\/?page_id=1430"},"modified":"2021-08-25T12:11:42","modified_gmt":"2021-08-25T15:11:42","slug":"therapies","status":"publish","type":"page","link":"https:\/\/eastcoastclinic.ca\/fr\/therapies\/","title":{"rendered":"Th\u00e9rapies"},"content":{"rendered":"<div class=\"wpb-content-wrapper\"><p>[vc_row][vc_column width=\u00a0\u00bb2\/3&Prime; css=\u00a0\u00bb.vc_custom_1572361075588{margin-bottom: 21px !important;}\u00a0\u00bb][vc_column_text]<\/p>\n<h1>Types d\u2019approches utilis\u00e9es:<\/h1>\n<p>[\/vc_column_text][vc_accordion active_tab=\u00a0\u00bbfalse\u00a0\u00bb collapsible=\u00a0\u00bbyes\u00a0\u00bb][vc_accordion_tab title=\u00a0\u00bbTh\u00e9rapie cognitive-comportementale\u00a0\u00bb][vc_column_text]La th\u00e9rapie cognitivo-comportementale (TCC) est un traitement psychologique valid\u00e9 scientifiquement, qui vise \u00e0 aider les gens \u00e0 changer leurs pens\u00e9es, leurs sentiments et leurs comportements qui leur causent des probl\u00e8mes. La TCC nous apprend \u00e0 reconna\u00eetre et \u00e0 remettre en question les pens\u00e9es non aidantes et \u00e0 les remplacer par des pens\u00e9es plus utiles ou r\u00e9alistes qui peuvent mener \u00e0 une am\u00e9lioration de l\u2019humeur. La recherche a montr\u00e9 que la TCC est un traitement efficace pour un large \u00e9ventail de probl\u00e8mes (par exemple, d\u00e9pression, anxi\u00e9t\u00e9, stress post-traumatique, douleur chronique, faible estime de soi, probl\u00e8mes de col\u00e8re, addiction).[\/vc_column_text][\/vc_accordion_tab][vc_accordion_tab title=\u00a0\u00bbTh\u00e9rapie d&rsquo;acceptation et d&rsquo;engagement\u00a0\u00bb][vc_column_text]La th\u00e9rapie d\u2019acceptation et d\u2019engagement (ACT) enseigne des comp\u00e9tences de pleine conscience pour aider les individus \u00e0 vivre et \u00e0 se comporter de mani\u00e8re conforme aux valeurs personnelles tout en d\u00e9veloppant la flexibilit\u00e9 psychologique. L\u2019un des principaux messages d\u2019ACT consiste \u00e0 accepter ce qui est hors de votre contr\u00f4le personnel et \u00e0 vous engager \u00e0 agir pour am\u00e9liorer et enrichir votre vie. La th\u00e9rapie d\u2019acceptation et d\u2019engagement invite les gens \u00e0 s\u2019ouvrir aux sentiments d\u00e9sagr\u00e9ables, d\u2019apprendre a ne pas r\u00e9agir fortement \u00e0 eux et \u00e0 ne pas \u00e9viter les situations o\u00f9 ils sont invoqu\u00e9s. Il a \u00e9t\u00e9 d\u00e9montr\u00e9 que la th\u00e9rapie d\u2019acceptation et d\u2019engagement aide efficacement les personnes souffrant d\u2019anxi\u00e9t\u00e9, de d\u00e9pression, de toxicomanie et de stress.[\/vc_column_text][\/vc_accordion_tab][vc_accordion_tab title=\u00a0\u00bbLe traitement de l\u2019\u00e9tat de stress post-traumatique par l\u2019exposition prolong\u00e9e\u00a0\u00bb][vc_column_text]La th\u00e9rapie d\u2019exposition prolong\u00e9e (PE) des docteurs Foa et Rothbaum est une technique psychologique qui est consid\u00e9r\u00e9e comme un traitement tr\u00e8s efficace pour le trouble de stress post-traumatique. L\u2019exposition prolong\u00e9e est de nature collaborative et permet aux clients et clientes de travailler \u00e0 travers des souvenirs douloureux dans un environnement positive et s\u00e9curitaire. Cette approche part du postulat que c\u2019est l\u2019\u00e9vitement des souvenirs trop douloureux qui emp\u00eachent leur int\u00e9gration \u00ab normale\u00bb en m\u00e9moire.[\/vc_column_text][\/vc_accordion_tab][\/vc_accordion][\/vc_column][vc_column width=\u00a0\u00bb1\/3&Prime;][vc_cta h2=\u00a0\u00bb\u00a0\u00bb h4=\u00a0\u00bbPr\u00eat \u00e0 prendre rendez-vous\u00a0\u00bb txt_align=\u00a0\u00bbcenter\u00a0\u00bb add_button=\u00a0\u00bbbottom\u00a0\u00bb btn_title=\u00a0\u00bbCliquez ici\u00a0\u00bb btn_color=\u00a0\u00bbprimary\u00a0\u00bb btn_align=\u00a0\u00bbcenter\u00a0\u00bb btn_link=\u00a0\u00bburl:http%3A%2F%2Feastcoastclinic.ca%2Ffr%2Fcontact%2F|||\u00a0\u00bb][\/vc_cta][vc_row_inner css=\u00a0\u00bb.vc_custom_1516892469225{margin-top: 1px !important;margin-right: 1px !important;margin-bottom: 1px !important;margin-left: 1px !important;border-top-width: 1px !important;border-right-width: 1px !important;border-bottom-width: 1px !important;border-left-width: 1px !important;background-color: #f7f7f7 !important;border-left-color: #f0f0f0 !important;border-right-color: #f0f0f0 !important;border-top-color: #f0f0f0 !important;border-bottom-color: #f0f0f0 !important;border-radius: 5px !important;}\u00a0\u00bb][vc_column_inner][vc_column_text]<\/p>\n<h4 style=\"text-align: center;\">Nous joindre<\/h4>\n<h6><em>Nous nous engageons \u00e0 maintenir votre confidentialit\u00e9. Ne pas inclure d\u2019informations confidentielles ou priv\u00e9es concernant votre \u00e9tat de sant\u00e9 dans ce formulaire, ou composez le <a href=\"\u201ctel:+1-506-830-7444\u201d\">506-830-7444<\/a> pour laisser un message dans notre bo\u00eete vocale confidentielle.<\/em><\/h6>\n<p>[\/vc_column_text]<script type=\"text\/javascript\">var gform;gform||(document.addEventListener(\"gform_main_scripts_loaded\",function(){gform.scriptsLoaded=!0}),window.addEventListener(\"DOMContentLoaded\",function(){gform.domLoaded=!0}),gform={domLoaded:!1,scriptsLoaded:!1,initializeOnLoaded:function(o){gform.domLoaded&&gform.scriptsLoaded?o():!gform.domLoaded&&gform.scriptsLoaded?window.addEventListener(\"DOMContentLoaded\",o):document.addEventListener(\"gform_main_scripts_loaded\",o)},hooks:{action:{},filter:{}},addAction:function(o,n,r,t){gform.addHook(\"action\",o,n,r,t)},addFilter:function(o,n,r,t){gform.addHook(\"filter\",o,n,r,t)},doAction:function(o){gform.doHook(\"action\",o,arguments)},applyFilters:function(o){return gform.doHook(\"filter\",o,arguments)},removeAction:function(o,n){gform.removeHook(\"action\",o,n)},removeFilter:function(o,n,r){gform.removeHook(\"filter\",o,n,r)},addHook:function(o,n,r,t,i){null==gform.hooks[o][n]&&(gform.hooks[o][n]=[]);var e=gform.hooks[o][n];null==i&&(i=n+\"_\"+e.length),gform.hooks[o][n].push({tag:i,callable:r,priority:t=null==t?10:t})},doHook:function(n,o,r){var t;if(r=Array.prototype.slice.call(r,1),null!=gform.hooks[n][o]&&((o=gform.hooks[n][o]).sort(function(o,n){return o.priority-n.priority}),o.forEach(function(o){\"function\"!=typeof(t=o.callable)&&(t=window[t]),\"action\"==n?t.apply(null,r):r[0]=t.apply(null,r)})),\"filter\"==n)return r[0]},removeHook:function(o,n,t,i){var r;null!=gform.hooks[o][n]&&(r=(r=gform.hooks[o][n]).filter(function(o,n,r){return!!(null!=i&&i!=o.tag||null!=t&&t!=o.priority)}),gform.hooks[o][n]=r)}});<\/script>\n                <div class='gf_browser_gecko gform_wrapper gform_legacy_markup_wrapper gform-theme--no-framework' data-form-theme='legacy' data-form-index='0' id='gform_wrapper_1' ><form method='post' enctype='multipart\/form-data'  id='gform_1'  action='\/fr\/wp-json\/wp\/v2\/pages\/1430' data-formid='1' >\n                        <div class='gform-body gform_body'><ul id='gform_fields_1' class='gform_fields top_label form_sublabel_below description_below'><li id=\"field_1_1\"  class=\"gfield gfield--type-text gfield_contains_required field_sublabel_below gfield--no-description field_description_below gfield_visibility_visible\"  data-js-reload=\"field_1_1\"><label class='gfield_label gform-field-label' for='input_1_1' >Nom<span class=\"gfield_required\"><span class=\"gfield_required gfield_required_asterisk\">*<\/span><\/span><\/label><div class='ginput_container ginput_container_text'><input name='input_1' id='input_1_1' type='text' value='' class='large'     aria-required=\"true\" aria-invalid=\"false\"   \/> <\/div><\/li><li id=\"field_1_3\"  class=\"gfield gfield--type-phone gfield_contains_required field_sublabel_below gfield--no-description field_description_below gfield_visibility_visible\"  data-js-reload=\"field_1_3\"><label class='gfield_label gform-field-label' for='input_1_3' >Num\u00e9ro de t\u00e9l\u00e9phone<span class=\"gfield_required\"><span class=\"gfield_required gfield_required_asterisk\">*<\/span><\/span><\/label><div class='ginput_container ginput_container_phone'><input name='input_3' id='input_1_3' type='text' value='' class='large'   aria-required=\"true\" aria-invalid=\"false\"   \/><\/div><\/li><li id=\"field_1_2\"  class=\"gfield gfield--type-email gfield_contains_required field_sublabel_below gfield--no-description field_description_below gfield_visibility_visible\"  data-js-reload=\"field_1_2\"><label class='gfield_label gform-field-label' for='input_1_2' >Courriel<span class=\"gfield_required\"><span class=\"gfield_required gfield_required_asterisk\">*<\/span><\/span><\/label><div class='ginput_container ginput_container_email'>\n                            <input name='input_2' id='input_1_2' type='text' value='' class='large'    aria-required=\"true\" aria-invalid=\"false\"  \/>\n                        <\/div><\/li><li id=\"field_1_4\"  class=\"gfield gfield--type-textarea field_sublabel_below gfield--no-description field_description_below gfield_visibility_visible\"  data-js-reload=\"field_1_4\"><label class='gfield_label gform-field-label' for='input_1_4' >Message<\/label><div class='ginput_container ginput_container_textarea'><textarea name='input_4' id='input_1_4' class='textarea medium'      aria-invalid=\"false\"   rows='10' cols='50'><\/textarea><\/div><\/li><li id=\"field_1_5\"  class=\"gfield gfield--type-captcha field_sublabel_below gfield--no-description field_description_below gfield_visibility_visible\"  data-js-reload=\"field_1_5\"><label class='gfield_label gform-field-label' for='input_1_5' >CAPTCHA<\/label><div id='input_1_5' class='ginput_container ginput_recaptcha' data-sitekey='6LffDYoaAAAAAOFGvbLRnMAC1VqdpEpb2arGuASu'  data-theme='light' data-tabindex='0'  data-badge=''><\/div><\/li><li id=\"field_1_6\"  class=\"gfield gfield--type-honeypot gform_validation_container field_sublabel_below gfield--has-description field_description_below gfield_visibility_visible\"  data-js-reload=\"field_1_6\"><label class='gfield_label gform-field-label' for='input_1_6' >Comments<\/label><div class='ginput_container'><input name='input_6' id='input_1_6' type='text' value='' \/><\/div><div class='gfield_description' id='gfield_description_1_6'>Ce champ n\u2019est utilis\u00e9 qu\u2019\u00e0 des fins de validation et devrait rester inchang\u00e9.<\/div><\/li><\/ul><\/div>\n        <div class='gform_footer top_label'> <input type='submit' id='gform_submit_button_1' class='gform_button button' value='Soumettre'  onclick='if(window[\"gf_submitting_1\"]){return false;}  window[\"gf_submitting_1\"]=true;  ' onkeypress='if( event.keyCode == 13 ){ if(window[\"gf_submitting_1\"]){return false;} window[\"gf_submitting_1\"]=true;  jQuery(\"#gform_1\").trigger(\"submit\",[true]); }' \/> \n            <input type='hidden' class='gform_hidden' name='is_submit_1' value='1' \/>\n            <input type='hidden' class='gform_hidden' name='gform_submit' value='1' \/>\n            \n            <input type='hidden' class='gform_hidden' name='gform_unique_id' value='' \/>\n            <input type='hidden' class='gform_hidden' name='state_1' value='WyJbXSIsIjNiMzU5YjVkZDUyNGQzNjQ0NTJhMTVlYTM0YjM3YzNhIl0=' \/>\n            <input type='hidden' class='gform_hidden' name='gform_target_page_number_1' id='gform_target_page_number_1' value='0' \/>\n            <input type='hidden' class='gform_hidden' name='gform_source_page_number_1' id='gform_source_page_number_1' value='1' \/>\n            <input type='hidden' name='gform_field_values' value='' \/>\n            \n        <\/div>\n                        <\/form>\n                        <\/div><script>\ngform.initializeOnLoaded( function() {gformInitSpinner( 1, 'https:\/\/eastcoastclinic.ca\/wp-content\/plugins\/gravityforms\/images\/spinner.svg', true );jQuery('#gform_ajax_frame_1').on('load',function(){var contents = jQuery(this).contents().find('*').html();var is_postback = contents.indexOf('GF_AJAX_POSTBACK') >= 0;if(!is_postback){return;}var form_content = jQuery(this).contents().find('#gform_wrapper_1');var is_confirmation = jQuery(this).contents().find('#gform_confirmation_wrapper_1').length > 0;var is_redirect = contents.indexOf('gformRedirect(){') >= 0;var is_form = form_content.length > 0 && ! is_redirect && ! is_confirmation;var mt = parseInt(jQuery('html').css('margin-top'), 10) + parseInt(jQuery('body').css('margin-top'), 10) + 100;if(is_form){jQuery('#gform_wrapper_1').html(form_content.html());if(form_content.hasClass('gform_validation_error')){jQuery('#gform_wrapper_1').addClass('gform_validation_error');} else {jQuery('#gform_wrapper_1').removeClass('gform_validation_error');}setTimeout( function() { \/* delay the scroll by 50 milliseconds to fix a bug in chrome *\/  }, 50 );if(window['gformInitDatepicker']) {gformInitDatepicker();}if(window['gformInitPriceFields']) {gformInitPriceFields();}var current_page = jQuery('#gform_source_page_number_1').val();gformInitSpinner( 1, 'https:\/\/eastcoastclinic.ca\/wp-content\/plugins\/gravityforms\/images\/spinner.svg', true );jQuery(document).trigger('gform_page_loaded', [1, current_page]);window['gf_submitting_1'] = false;}else if(!is_redirect){var confirmation_content = jQuery(this).contents().find('.GF_AJAX_POSTBACK').html();if(!confirmation_content){confirmation_content = contents;}setTimeout(function(){jQuery('#gform_wrapper_1').replaceWith(confirmation_content);jQuery(document).trigger('gform_confirmation_loaded', [1]);window['gf_submitting_1'] = false;wp.a11y.speak(jQuery('#gform_confirmation_message_1').text());}, 50);}else{jQuery('#gform_1').append(contents);if(window['gformRedirect']) {gformRedirect();}}jQuery(document).trigger('gform_post_render', [1, current_page]);gform.utils.trigger({ event: 'gform\/postRender', native: false, data: { formId: 1, currentPage: current_page } });} );} );\n<\/script>\n[\/vc_column_inner][\/vc_row_inner][\/vc_column][\/vc_row]<\/p>\n<\/div>","protected":false},"excerpt":{"rendered":"<p>[vc_row][vc_column width=\u00a0\u00bb2\/3&Prime; css=\u00a0\u00bb.vc_custom_1572361075588{margin-bottom: 21px !important;}\u00a0\u00bb][vc_column_text] Types d\u2019approches utilis\u00e9es: [\/vc_column_text][vc_accordion active_tab=\u00a0\u00bbfalse\u00a0\u00bb collapsible=\u00a0\u00bbyes\u00a0\u00bb][vc_accordion_tab title=\u00a0\u00bbTh\u00e9rapie cognitive-comportementale\u00a0\u00bb][vc_column_text]La th\u00e9rapie cognitivo-comportementale (TCC) est un traitement psychologique valid\u00e9 scientifiquement, qui vise \u00e0 aider les gens \u00e0 changer leurs pens\u00e9es, leurs sentiments et leurs comportements qui leur causent des probl\u00e8mes. La TCC nous apprend \u00e0 reconna\u00eetre et \u00e0 remettre en question les pens\u00e9es&hellip;<\/p>\n","protected":false},"author":1,"featured_media":0,"parent":0,"menu_order":0,"comment_status":"closed","ping_status":"closed","template":"","meta":{"footnotes":""},"class_list":["post-1430","page","type-page","status-publish","hentry","description-off"],"yoast_head":"<!-- This site is optimized with the Yoast SEO plugin v27.3 - https:\/\/yoast.com\/product\/yoast-seo-wordpress\/ -->\n<title>Th\u00e9rapies - East Coast Psychology Clinic<\/title>\n<meta name=\"robots\" content=\"index, follow, max-snippet:-1, max-image-preview:large, max-video-preview:-1\" \/>\n<link rel=\"canonical\" href=\"https:\/\/eastcoastclinic.ca\/fr\/therapies\/\" \/>\n<meta property=\"og:locale\" content=\"fr_CA\" \/>\n<meta property=\"og:type\" content=\"article\" \/>\n<meta property=\"og:title\" content=\"Th\u00e9rapies - East Coast Psychology Clinic\" \/>\n<meta property=\"og:description\" content=\"[vc_row][vc_column width=\u00a0\u00bb2\/3&Prime; css=\u00a0\u00bb.vc_custom_1572361075588{margin-bottom: 21px !important;}\u00a0\u00bb][vc_column_text] Types d\u2019approches utilis\u00e9es: [\/vc_column_text][vc_accordion active_tab=\u00a0\u00bbfalse\u00a0\u00bb collapsible=\u00a0\u00bbyes\u00a0\u00bb][vc_accordion_tab title=\u00a0\u00bbTh\u00e9rapie cognitive-comportementale\u00a0\u00bb][vc_column_text]La th\u00e9rapie cognitivo-comportementale (TCC) est un traitement psychologique valid\u00e9 scientifiquement, qui vise \u00e0 aider les gens \u00e0 changer leurs pens\u00e9es, leurs sentiments et leurs comportements qui leur causent des probl\u00e8mes. La TCC nous apprend \u00e0 reconna\u00eetre et \u00e0 remettre en question les pens\u00e9es&hellip;\" \/>\n<meta property=\"og:url\" content=\"https:\/\/eastcoastclinic.ca\/fr\/therapies\/\" \/>\n<meta property=\"og:site_name\" content=\"East Coast Psychology Clinic\" \/>\n<meta property=\"article:modified_time\" content=\"2021-08-25T15:11:42+00:00\" \/>\n<meta property=\"og:image\" content=\"https:\/\/eastcoastclinic.ca\/wp-content\/uploads\/2019\/06\/East-Coast-Psychology-Clinic-Facebook-Share1.png\" \/>\n\t<meta property=\"og:image:width\" content=\"1024\" \/>\n\t<meta property=\"og:image:height\" content=\"576\" \/>\n\t<meta property=\"og:image:type\" content=\"image\/png\" \/>\n<meta name=\"twitter:card\" content=\"summary_large_image\" \/>\n<meta name=\"twitter:label1\" content=\"Estimation du temps de lecture\" \/>\n\t<meta name=\"twitter:data1\" content=\"2 minutes\" \/>\n<script type=\"application\/ld+json\" class=\"yoast-schema-graph\">{\"@context\":\"https:\\\/\\\/schema.org\",\"@graph\":[{\"@type\":\"WebPage\",\"@id\":\"https:\\\/\\\/eastcoastclinic.ca\\\/fr\\\/therapies\\\/\",\"url\":\"https:\\\/\\\/eastcoastclinic.ca\\\/fr\\\/therapies\\\/\",\"name\":\"Th\u00e9rapies - East Coast Psychology Clinic\",\"isPartOf\":{\"@id\":\"https:\\\/\\\/eastcoastclinic.ca\\\/#website\"},\"datePublished\":\"2018-01-25T15:20:47+00:00\",\"dateModified\":\"2021-08-25T15:11:42+00:00\",\"breadcrumb\":{\"@id\":\"https:\\\/\\\/eastcoastclinic.ca\\\/fr\\\/therapies\\\/#breadcrumb\"},\"inLanguage\":\"fr-CA\",\"potentialAction\":[{\"@type\":\"ReadAction\",\"target\":[\"https:\\\/\\\/eastcoastclinic.ca\\\/fr\\\/therapies\\\/\"]}]},{\"@type\":\"BreadcrumbList\",\"@id\":\"https:\\\/\\\/eastcoastclinic.ca\\\/fr\\\/therapies\\\/#breadcrumb\",\"itemListElement\":[{\"@type\":\"ListItem\",\"position\":1,\"name\":\"Home\",\"item\":\"https:\\\/\\\/eastcoastclinic.ca\\\/fr\\\/\"},{\"@type\":\"ListItem\",\"position\":2,\"name\":\"Th\u00e9rapies\"}]},{\"@type\":\"WebSite\",\"@id\":\"https:\\\/\\\/eastcoastclinic.ca\\\/#website\",\"url\":\"https:\\\/\\\/eastcoastclinic.ca\\\/\",\"name\":\"East Coast Psychology Clinic\",\"description\":\"Learn to Navigate and to take charge of your life\",\"potentialAction\":[{\"@type\":\"SearchAction\",\"target\":{\"@type\":\"EntryPoint\",\"urlTemplate\":\"https:\\\/\\\/eastcoastclinic.ca\\\/?s={search_term_string}\"},\"query-input\":{\"@type\":\"PropertyValueSpecification\",\"valueRequired\":true,\"valueName\":\"search_term_string\"}}],\"inLanguage\":\"fr-CA\"}]}<\/script>\n<!-- \/ Yoast SEO plugin. -->","yoast_head_json":{"title":"Th\u00e9rapies - East Coast Psychology Clinic","robots":{"index":"index","follow":"follow","max-snippet":"max-snippet:-1","max-image-preview":"max-image-preview:large","max-video-preview":"max-video-preview:-1"},"canonical":"https:\/\/eastcoastclinic.ca\/fr\/therapies\/","og_locale":"fr_CA","og_type":"article","og_title":"Th\u00e9rapies - East Coast Psychology Clinic","og_description":"[vc_row][vc_column width=\u00a0\u00bb2\/3&Prime; css=\u00a0\u00bb.vc_custom_1572361075588{margin-bottom: 21px !important;}\u00a0\u00bb][vc_column_text] Types d\u2019approches utilis\u00e9es: [\/vc_column_text][vc_accordion active_tab=\u00a0\u00bbfalse\u00a0\u00bb collapsible=\u00a0\u00bbyes\u00a0\u00bb][vc_accordion_tab title=\u00a0\u00bbTh\u00e9rapie cognitive-comportementale\u00a0\u00bb][vc_column_text]La th\u00e9rapie cognitivo-comportementale (TCC) est un traitement psychologique valid\u00e9 scientifiquement, qui vise \u00e0 aider les gens \u00e0 changer leurs pens\u00e9es, leurs sentiments et leurs comportements qui leur causent des probl\u00e8mes. La TCC nous apprend \u00e0 reconna\u00eetre et \u00e0 remettre en question les pens\u00e9es&hellip;","og_url":"https:\/\/eastcoastclinic.ca\/fr\/therapies\/","og_site_name":"East Coast Psychology Clinic","article_modified_time":"2021-08-25T15:11:42+00:00","og_image":[{"width":1024,"height":576,"url":"https:\/\/eastcoastclinic.ca\/wp-content\/uploads\/2019\/06\/East-Coast-Psychology-Clinic-Facebook-Share1.png","type":"image\/png"}],"twitter_card":"summary_large_image","twitter_misc":{"Estimation du temps de lecture":"2 minutes"},"schema":{"@context":"https:\/\/schema.org","@graph":[{"@type":"WebPage","@id":"https:\/\/eastcoastclinic.ca\/fr\/therapies\/","url":"https:\/\/eastcoastclinic.ca\/fr\/therapies\/","name":"Th\u00e9rapies - East Coast Psychology Clinic","isPartOf":{"@id":"https:\/\/eastcoastclinic.ca\/#website"},"datePublished":"2018-01-25T15:20:47+00:00","dateModified":"2021-08-25T15:11:42+00:00","breadcrumb":{"@id":"https:\/\/eastcoastclinic.ca\/fr\/therapies\/#breadcrumb"},"inLanguage":"fr-CA","potentialAction":[{"@type":"ReadAction","target":["https:\/\/eastcoastclinic.ca\/fr\/therapies\/"]}]},{"@type":"BreadcrumbList","@id":"https:\/\/eastcoastclinic.ca\/fr\/therapies\/#breadcrumb","itemListElement":[{"@type":"ListItem","position":1,"name":"Home","item":"https:\/\/eastcoastclinic.ca\/fr\/"},{"@type":"ListItem","position":2,"name":"Th\u00e9rapies"}]},{"@type":"WebSite","@id":"https:\/\/eastcoastclinic.ca\/#website","url":"https:\/\/eastcoastclinic.ca\/","name":"East Coast Psychology Clinic","description":"Learn to Navigate and to take charge of your life","potentialAction":[{"@type":"SearchAction","target":{"@type":"EntryPoint","urlTemplate":"https:\/\/eastcoastclinic.ca\/?s={search_term_string}"},"query-input":{"@type":"PropertyValueSpecification","valueRequired":true,"valueName":"search_term_string"}}],"inLanguage":"fr-CA"}]}},"_links":{"self":[{"href":"https:\/\/eastcoastclinic.ca\/fr\/wp-json\/wp\/v2\/pages\/1430","targetHints":{"allow":["GET"]}}],"collection":[{"href":"https:\/\/eastcoastclinic.ca\/fr\/wp-json\/wp\/v2\/pages"}],"about":[{"href":"https:\/\/eastcoastclinic.ca\/fr\/wp-json\/wp\/v2\/types\/page"}],"author":[{"embeddable":true,"href":"https:\/\/eastcoastclinic.ca\/fr\/wp-json\/wp\/v2\/users\/1"}],"replies":[{"embeddable":true,"href":"https:\/\/eastcoastclinic.ca\/fr\/wp-json\/wp\/v2\/comments?post=1430"}],"version-history":[{"count":31,"href":"https:\/\/eastcoastclinic.ca\/fr\/wp-json\/wp\/v2\/pages\/1430\/revisions"}],"predecessor-version":[{"id":1950,"href":"https:\/\/eastcoastclinic.ca\/fr\/wp-json\/wp\/v2\/pages\/1430\/revisions\/1950"}],"wp:attachment":[{"href":"https:\/\/eastcoastclinic.ca\/fr\/wp-json\/wp\/v2\/media?parent=1430"}],"curies":[{"name":"wp","href":"https:\/\/api.w.org\/{rel}","templated":true}]}}