{"id":1417,"date":"2018-01-25T14:31:25","date_gmt":"2018-01-25T19:31:25","guid":{"rendered":"http:\/\/eastcoastclinic.ca\/?page_id=1417"},"modified":"2021-09-29T15:19:39","modified_gmt":"2021-09-29T18:19:39","slug":"contact","status":"publish","type":"page","link":"https:\/\/eastcoastclinic.ca\/fr\/contact\/","title":{"rendered":"Nous joindre"},"content":{"rendered":"<div class=\"wpb-content-wrapper\"><p>[vc_row][vc_column][vc_column_text]<\/p>\n<h2>Comment nous joindre?<\/h2>\n<p>[\/vc_column_text][\/vc_column][\/vc_row][vc_row][vc_column width=\u00a0\u00bb2\/3&Prime;][vc_row_inner][vc_column_inner width=\u00a0\u00bb1\/2&Prime;][vc_column_text]<\/p>\n<h3 class=\"aio-icon-title ult-responsive\" data-ultimate-target=\"#Info-box-wrap-4730 .aio-icon-title\" data-responsive-json-new=\"{&quot;font-size&quot;:&quot;&quot;,&quot;line-height&quot;:&quot;&quot;}\">Par t\u00e9l\u00e9phone:<\/h3>\n<h6><em>En raison de sessions avec d&rsquo;autres clients, nous ne sommes pas toujours en mesure de r\u00e9pondre aux appels imm\u00e9diatement. Laissez un message d\u00e9taill\u00e9 dans notre bo\u00eete vocale confidentielle et nous vous rappellerons dans les plus brefs d\u00e9lais. Veuillez indiquer dans votre message toute sensibilit\u00e9 concernant le moment et l&rsquo;endroit o\u00f9 les appels doivent \u00eatre renvoy\u00e9s. Toutes les demandes sont, bien s\u00fbr, strictement confidentielles. <strong>En cas d&rsquo;urgence, appelez la ligne d&rsquo;\u00e9coute CHIMO au 1-800-667-5005 ou dirigez-vous vers l&rsquo;h\u00f4pital le plus proche.<\/strong><\/em><\/h6>\n<p>[\/vc_column_text]<div class=\"aio-icon-component    style_1\"><div id=\"Info-box-wrap-1599\" class=\"aio-icon-box left-icon\" style=\"\"  ><div class=\"aio-icon-left\"><div class=\"ult-just-icon-wrapper  \"><div class=\"align-icon\" style=\"text-align:center;\">\n<div class=\"aio-icon none \"  style=\"color:#3a4a75;font-size:36px;display:inline-block;\">\n\t<i class=\"Defaults-phone\"><\/i>\n<\/div><\/div><\/div><\/div><div class=\"aio-ibd-block\"><div class=\"aio-icon-header\" ><h3 class=\"aio-icon-title ult-responsive\"  data-ultimate-target='#Info-box-wrap-1599 .aio-icon-title'  data-responsive-json-new='{\"font-size\":\"\",\"line-height\":\"\"}'  style=\"\">506.830.7444<\/h3><\/div> <!-- header --><\/div> <!-- aio-ibd-block --><\/div> <!-- aio-icon-box --><\/div> <!-- aio-icon-component -->[\/vc_column_inner][vc_column_inner width=\u00a0\u00bb1\/2&Prime;][vc_column_text]<\/p>\n<h3 class=\"aio-icon-title ult-responsive\" data-ultimate-target=\"#Info-box-wrap-4730 .aio-icon-title\" data-responsive-json-new=\"{&quot;font-size&quot;:&quot;&quot;,&quot;line-height&quot;:&quot;&quot;}\">Par courriel:<\/h3>\n<p>[\/vc_column_text]<div class=\"aio-icon-component    style_1\"><div id=\"Info-box-wrap-8702\" class=\"aio-icon-box left-icon\" style=\"\"  ><div class=\"aio-icon-left\"><div class=\"ult-just-icon-wrapper  \"><div class=\"align-icon\" style=\"text-align:center;\">\n<div class=\"aio-icon none \"  style=\"color:#3a4a75;font-size:32px;display:inline-block;\">\n\t<i class=\"Defaults-envelope\"><\/i>\n<\/div><\/div><\/div><\/div><div class=\"aio-ibd-block\"><div class=\"aio-icon-header\" ><h3 class=\"aio-icon-title ult-responsive\"  data-ultimate-target='#Info-box-wrap-8702 .aio-icon-title'  data-responsive-json-new='{\"font-size\":\"\",\"line-height\":\"\"}'  style=\"\">info@eastcoastclinic.ca<\/h3><\/div> <!-- header --><\/div> <!-- aio-ibd-block --><\/div> <!-- aio-icon-box --><\/div> <!-- aio-icon-component -->[\/vc_column_inner][\/vc_row_inner][vc_gmaps link=\u00a0\u00bb#E-8_JTNDaWZyYW1lJTIwc3JjJTNEJTIyaHR0cHMlM0ElMkYlMkZ3d3cuZ29vZ2xlLmNvbSUyRm1hcHMlMkZlbWJlZCUzRnBiJTNEJTIxMW0xOCUyMTFtMTIlMjExbTMlMjExZDI3NjYuNTcwNDMzODI1NzM2JTIxMmQtNjQuNzI5NDU5Mjg0MzQ5NTUlMjEzZDQ2LjA5OTUzOTI5ODg0NDk2JTIxMm0zJTIxMWYwJTIxMmYwJTIxM2YwJTIxM20yJTIxMWkxMDI0JTIxMmk3NjglMjE0ZjEzLjElMjEzbTMlMjExbTIlMjExczB4NGNhMGJjMDI5NTI1NTU1NSUyNTNBMHg0NDExZWM2NDMzN2UxMmE3JTIxMnM2NTAlMjUyMENoYW1wbGFpbiUyNTIwU3QlMjUyMCUyNTIzMjAxJTI1MkMlMjUyMERpZXBwZSUyNTJDJTI1MjBOQiUyNTIwRTFBJTI1MjAxUDUlMjE1ZTAlMjEzbTIlMjExc2VuJTIxMnNjYSUyMTR2MTYzMjkzOTUyODY1MCUyMTVtMiUyMTFzZW4lMjEyc2NhJTIyJTIwd2lkdGglM0QlMjI2MDAlMjIlMjBoZWlnaHQlM0QlMjI0NTAlMjIlMjBzdHlsZSUzRCUyMmJvcmRlciUzQTAlM0IlMjIlMjBhbGxvd2Z1bGxzY3JlZW4lM0QlMjIlMjIlMjBsb2FkaW5nJTNEJTIybGF6eSUyMiUzRSUzQyUyRmlmcmFtZSUzRQ==\u00a0\u00bb][\/vc_column][vc_column width=\u00a0\u00bb1\/3&Prime;][vc_column_text]<\/p>\n<h3 class=\"aio-icon-title ult-responsive\" data-ultimate-target=\"#Info-box-wrap-4730 .aio-icon-title\" data-responsive-json-new=\"{&quot;font-size&quot;:&quot;&quot;,&quot;line-height&quot;:&quot;&quot;}\">Par formulaire:<\/h3>\n<h6><em>Nous nous engageons \u00e0 maintenir votre confidentialit\u00e9.  Ne pas inclure d&rsquo;informations confidentielles ou priv\u00e9es concernant votre \u00e9tat de sant\u00e9 dans ce formulaire.<\/em><\/h6>\n<p>[\/vc_column_text]<script type=\"text\/javascript\">var gform;gform||(document.addEventListener(\"gform_main_scripts_loaded\",function(){gform.scriptsLoaded=!0}),window.addEventListener(\"DOMContentLoaded\",function(){gform.domLoaded=!0}),gform={domLoaded:!1,scriptsLoaded:!1,initializeOnLoaded:function(o){gform.domLoaded&&gform.scriptsLoaded?o():!gform.domLoaded&&gform.scriptsLoaded?window.addEventListener(\"DOMContentLoaded\",o):document.addEventListener(\"gform_main_scripts_loaded\",o)},hooks:{action:{},filter:{}},addAction:function(o,n,r,t){gform.addHook(\"action\",o,n,r,t)},addFilter:function(o,n,r,t){gform.addHook(\"filter\",o,n,r,t)},doAction:function(o){gform.doHook(\"action\",o,arguments)},applyFilters:function(o){return gform.doHook(\"filter\",o,arguments)},removeAction:function(o,n){gform.removeHook(\"action\",o,n)},removeFilter:function(o,n,r){gform.removeHook(\"filter\",o,n,r)},addHook:function(o,n,r,t,i){null==gform.hooks[o][n]&&(gform.hooks[o][n]=[]);var e=gform.hooks[o][n];null==i&&(i=n+\"_\"+e.length),gform.hooks[o][n].push({tag:i,callable:r,priority:t=null==t?10:t})},doHook:function(n,o,r){var t;if(r=Array.prototype.slice.call(r,1),null!=gform.hooks[n][o]&&((o=gform.hooks[n][o]).sort(function(o,n){return o.priority-n.priority}),o.forEach(function(o){\"function\"!=typeof(t=o.callable)&&(t=window[t]),\"action\"==n?t.apply(null,r):r[0]=t.apply(null,r)})),\"filter\"==n)return r[0]},removeHook:function(o,n,t,i){var r;null!=gform.hooks[o][n]&&(r=(r=gform.hooks[o][n]).filter(function(o,n,r){return!!(null!=i&&i!=o.tag||null!=t&&t!=o.priority)}),gform.hooks[o][n]=r)}});<\/script>\n                <div class='gf_browser_gecko gform_wrapper gform_legacy_markup_wrapper gform-theme--no-framework' data-form-theme='legacy' data-form-index='0' id='gform_wrapper_1' ><form method='post' enctype='multipart\/form-data'  id='gform_1'  action='\/fr\/wp-json\/wp\/v2\/pages\/1417' data-formid='1' >\n                        <div class='gform-body gform_body'><ul id='gform_fields_1' class='gform_fields top_label form_sublabel_below description_below'><li id=\"field_1_1\"  class=\"gfield gfield--type-text gfield_contains_required field_sublabel_below gfield--no-description field_description_below gfield_visibility_visible\"  data-js-reload=\"field_1_1\"><label class='gfield_label gform-field-label' for='input_1_1' >Nom<span class=\"gfield_required\"><span class=\"gfield_required gfield_required_asterisk\">*<\/span><\/span><\/label><div class='ginput_container ginput_container_text'><input name='input_1' id='input_1_1' type='text' value='' class='large'     aria-required=\"true\" aria-invalid=\"false\"   \/> <\/div><\/li><li id=\"field_1_3\"  class=\"gfield gfield--type-phone gfield_contains_required field_sublabel_below gfield--no-description field_description_below gfield_visibility_visible\"  data-js-reload=\"field_1_3\"><label class='gfield_label gform-field-label' for='input_1_3' >Num\u00e9ro de t\u00e9l\u00e9phone<span class=\"gfield_required\"><span class=\"gfield_required gfield_required_asterisk\">*<\/span><\/span><\/label><div class='ginput_container ginput_container_phone'><input name='input_3' id='input_1_3' type='text' value='' class='large'   aria-required=\"true\" aria-invalid=\"false\"   \/><\/div><\/li><li id=\"field_1_2\"  class=\"gfield gfield--type-email gfield_contains_required field_sublabel_below gfield--no-description field_description_below gfield_visibility_visible\"  data-js-reload=\"field_1_2\"><label class='gfield_label gform-field-label' for='input_1_2' >Courriel<span class=\"gfield_required\"><span class=\"gfield_required gfield_required_asterisk\">*<\/span><\/span><\/label><div class='ginput_container ginput_container_email'>\n                            <input name='input_2' id='input_1_2' type='text' value='' class='large'    aria-required=\"true\" aria-invalid=\"false\"  \/>\n                        <\/div><\/li><li id=\"field_1_4\"  class=\"gfield gfield--type-textarea field_sublabel_below gfield--no-description field_description_below gfield_visibility_visible\"  data-js-reload=\"field_1_4\"><label class='gfield_label gform-field-label' for='input_1_4' >Message<\/label><div class='ginput_container ginput_container_textarea'><textarea name='input_4' id='input_1_4' class='textarea medium'      aria-invalid=\"false\"   rows='10' cols='50'><\/textarea><\/div><\/li><li id=\"field_1_5\"  class=\"gfield gfield--type-captcha field_sublabel_below gfield--no-description field_description_below gfield_visibility_visible\"  data-js-reload=\"field_1_5\"><label class='gfield_label gform-field-label' for='input_1_5' >CAPTCHA<\/label><div id='input_1_5' class='ginput_container ginput_recaptcha' data-sitekey='6LffDYoaAAAAAOFGvbLRnMAC1VqdpEpb2arGuASu'  data-theme='light' data-tabindex='0'  data-badge=''><\/div><\/li><li id=\"field_1_6\"  class=\"gfield gfield--type-honeypot gform_validation_container field_sublabel_below gfield--has-description field_description_below gfield_visibility_visible\"  data-js-reload=\"field_1_6\"><label class='gfield_label gform-field-label' for='input_1_6' >Phone<\/label><div class='ginput_container'><input name='input_6' id='input_1_6' type='text' value='' \/><\/div><div class='gfield_description' id='gfield_description_1_6'>Ce champ n\u2019est utilis\u00e9 qu\u2019\u00e0 des fins de validation et devrait rester inchang\u00e9.<\/div><\/li><\/ul><\/div>\n        <div class='gform_footer top_label'> <input type='submit' id='gform_submit_button_1' class='gform_button button' value='Soumettre'  onclick='if(window[\"gf_submitting_1\"]){return false;}  window[\"gf_submitting_1\"]=true;  ' onkeypress='if( event.keyCode == 13 ){ if(window[\"gf_submitting_1\"]){return false;} window[\"gf_submitting_1\"]=true;  jQuery(\"#gform_1\").trigger(\"submit\",[true]); }' \/> \n            <input type='hidden' class='gform_hidden' name='is_submit_1' value='1' \/>\n            <input type='hidden' class='gform_hidden' name='gform_submit' value='1' \/>\n            \n            <input type='hidden' class='gform_hidden' name='gform_unique_id' value='' \/>\n            <input type='hidden' class='gform_hidden' name='state_1' value='WyJbXSIsIjNiMzU5YjVkZDUyNGQzNjQ0NTJhMTVlYTM0YjM3YzNhIl0=' \/>\n            <input type='hidden' class='gform_hidden' name='gform_target_page_number_1' id='gform_target_page_number_1' value='0' \/>\n            <input type='hidden' class='gform_hidden' name='gform_source_page_number_1' id='gform_source_page_number_1' value='1' \/>\n            <input type='hidden' name='gform_field_values' value='' \/>\n            \n        <\/div>\n                        <\/form>\n                        <\/div><script>\ngform.initializeOnLoaded( function() {gformInitSpinner( 1, 'https:\/\/eastcoastclinic.ca\/wp-content\/plugins\/gravityforms\/images\/spinner.svg', true );jQuery('#gform_ajax_frame_1').on('load',function(){var contents = jQuery(this).contents().find('*').html();var is_postback = contents.indexOf('GF_AJAX_POSTBACK') >= 0;if(!is_postback){return;}var form_content = jQuery(this).contents().find('#gform_wrapper_1');var is_confirmation = jQuery(this).contents().find('#gform_confirmation_wrapper_1').length > 0;var is_redirect = contents.indexOf('gformRedirect(){') >= 0;var is_form = form_content.length > 0 && ! is_redirect && ! is_confirmation;var mt = parseInt(jQuery('html').css('margin-top'), 10) + parseInt(jQuery('body').css('margin-top'), 10) + 100;if(is_form){jQuery('#gform_wrapper_1').html(form_content.html());if(form_content.hasClass('gform_validation_error')){jQuery('#gform_wrapper_1').addClass('gform_validation_error');} else {jQuery('#gform_wrapper_1').removeClass('gform_validation_error');}setTimeout( function() { \/* delay the scroll by 50 milliseconds to fix a bug in chrome *\/  }, 50 );if(window['gformInitDatepicker']) {gformInitDatepicker();}if(window['gformInitPriceFields']) {gformInitPriceFields();}var current_page = jQuery('#gform_source_page_number_1').val();gformInitSpinner( 1, 'https:\/\/eastcoastclinic.ca\/wp-content\/plugins\/gravityforms\/images\/spinner.svg', true );jQuery(document).trigger('gform_page_loaded', [1, current_page]);window['gf_submitting_1'] = false;}else if(!is_redirect){var confirmation_content = jQuery(this).contents().find('.GF_AJAX_POSTBACK').html();if(!confirmation_content){confirmation_content = contents;}setTimeout(function(){jQuery('#gform_wrapper_1').replaceWith(confirmation_content);jQuery(document).trigger('gform_confirmation_loaded', [1]);window['gf_submitting_1'] = false;wp.a11y.speak(jQuery('#gform_confirmation_message_1').text());}, 50);}else{jQuery('#gform_1').append(contents);if(window['gformRedirect']) {gformRedirect();}}jQuery(document).trigger('gform_post_render', [1, current_page]);gform.utils.trigger({ event: 'gform\/postRender', native: false, data: { formId: 1, currentPage: current_page } });} );} );\n<\/script>\n[\/vc_column][\/vc_row]<\/p>\n<\/div>","protected":false},"excerpt":{"rendered":"<p>[vc_row][vc_column][vc_column_text] Comment nous joindre? [\/vc_column_text][\/vc_column][\/vc_row][vc_row][vc_column width=\u00a0\u00bb2\/3&Prime;][vc_row_inner][vc_column_inner width=\u00a0\u00bb1\/2&Prime;][vc_column_text] Par t\u00e9l\u00e9phone: En raison de sessions avec d&rsquo;autres clients, nous ne sommes pas toujours en mesure de r\u00e9pondre aux appels imm\u00e9diatement. Laissez un message d\u00e9taill\u00e9 dans notre bo\u00eete vocale confidentielle et nous vous rappellerons dans les plus brefs d\u00e9lais. Veuillez indiquer dans votre message toute sensibilit\u00e9 concernant le&hellip;<\/p>\n","protected":false},"author":1,"featured_media":0,"parent":0,"menu_order":0,"comment_status":"closed","ping_status":"closed","template":"","meta":{"footnotes":""},"class_list":["post-1417","page","type-page","status-publish","hentry","description-off"],"yoast_head":"<!-- This site is optimized with the Yoast SEO plugin v27.3 - https:\/\/yoast.com\/product\/yoast-seo-wordpress\/ -->\n<title>Nous joindre - East Coast Psychology Clinic<\/title>\n<meta name=\"robots\" content=\"index, follow, max-snippet:-1, max-image-preview:large, max-video-preview:-1\" \/>\n<link rel=\"canonical\" href=\"https:\/\/eastcoastclinic.ca\/fr\/contact\/\" \/>\n<meta property=\"og:locale\" content=\"fr_CA\" \/>\n<meta property=\"og:type\" content=\"article\" \/>\n<meta property=\"og:title\" content=\"Nous joindre - East Coast Psychology Clinic\" \/>\n<meta property=\"og:description\" content=\"[vc_row][vc_column][vc_column_text] Comment nous joindre? [\/vc_column_text][\/vc_column][\/vc_row][vc_row][vc_column width=\u00a0\u00bb2\/3&Prime;][vc_row_inner][vc_column_inner width=\u00a0\u00bb1\/2&Prime;][vc_column_text] Par t\u00e9l\u00e9phone: En raison de sessions avec d&rsquo;autres clients, nous ne sommes pas toujours en mesure de r\u00e9pondre aux appels imm\u00e9diatement. Laissez un message d\u00e9taill\u00e9 dans notre bo\u00eete vocale confidentielle et nous vous rappellerons dans les plus brefs d\u00e9lais. Veuillez indiquer dans votre message toute sensibilit\u00e9 concernant le&hellip;\" \/>\n<meta property=\"og:url\" content=\"https:\/\/eastcoastclinic.ca\/fr\/contact\/\" \/>\n<meta property=\"og:site_name\" content=\"East Coast Psychology Clinic\" \/>\n<meta property=\"article:modified_time\" content=\"2021-09-29T18:19:39+00:00\" \/>\n<meta property=\"og:image\" content=\"https:\/\/eastcoastclinic.ca\/wp-content\/uploads\/2019\/06\/East-Coast-Psychology-Clinic-Facebook-Share1.png\" \/>\n\t<meta property=\"og:image:width\" content=\"1024\" \/>\n\t<meta property=\"og:image:height\" content=\"576\" \/>\n\t<meta property=\"og:image:type\" content=\"image\/png\" \/>\n<meta name=\"twitter:card\" content=\"summary_large_image\" \/>\n<meta name=\"twitter:label1\" content=\"Estimation du temps de lecture\" \/>\n\t<meta name=\"twitter:data1\" content=\"1 minute\" \/>\n<script type=\"application\/ld+json\" class=\"yoast-schema-graph\">{\"@context\":\"https:\\\/\\\/schema.org\",\"@graph\":[{\"@type\":\"WebPage\",\"@id\":\"https:\\\/\\\/eastcoastclinic.ca\\\/fr\\\/contact\\\/\",\"url\":\"https:\\\/\\\/eastcoastclinic.ca\\\/fr\\\/contact\\\/\",\"name\":\"Nous joindre - East Coast Psychology Clinic\",\"isPartOf\":{\"@id\":\"https:\\\/\\\/eastcoastclinic.ca\\\/#website\"},\"datePublished\":\"2018-01-25T19:31:25+00:00\",\"dateModified\":\"2021-09-29T18:19:39+00:00\",\"breadcrumb\":{\"@id\":\"https:\\\/\\\/eastcoastclinic.ca\\\/fr\\\/contact\\\/#breadcrumb\"},\"inLanguage\":\"fr-CA\",\"potentialAction\":[{\"@type\":\"ReadAction\",\"target\":[\"https:\\\/\\\/eastcoastclinic.ca\\\/fr\\\/contact\\\/\"]}]},{\"@type\":\"BreadcrumbList\",\"@id\":\"https:\\\/\\\/eastcoastclinic.ca\\\/fr\\\/contact\\\/#breadcrumb\",\"itemListElement\":[{\"@type\":\"ListItem\",\"position\":1,\"name\":\"Home\",\"item\":\"https:\\\/\\\/eastcoastclinic.ca\\\/fr\\\/\"},{\"@type\":\"ListItem\",\"position\":2,\"name\":\"Nous joindre\"}]},{\"@type\":\"WebSite\",\"@id\":\"https:\\\/\\\/eastcoastclinic.ca\\\/#website\",\"url\":\"https:\\\/\\\/eastcoastclinic.ca\\\/\",\"name\":\"East Coast Psychology Clinic\",\"description\":\"Learn to Navigate and to take charge of your life\",\"potentialAction\":[{\"@type\":\"SearchAction\",\"target\":{\"@type\":\"EntryPoint\",\"urlTemplate\":\"https:\\\/\\\/eastcoastclinic.ca\\\/?s={search_term_string}\"},\"query-input\":{\"@type\":\"PropertyValueSpecification\",\"valueRequired\":true,\"valueName\":\"search_term_string\"}}],\"inLanguage\":\"fr-CA\"}]}<\/script>\n<!-- \/ Yoast SEO plugin. -->","yoast_head_json":{"title":"Nous joindre - East Coast Psychology Clinic","robots":{"index":"index","follow":"follow","max-snippet":"max-snippet:-1","max-image-preview":"max-image-preview:large","max-video-preview":"max-video-preview:-1"},"canonical":"https:\/\/eastcoastclinic.ca\/fr\/contact\/","og_locale":"fr_CA","og_type":"article","og_title":"Nous joindre - East Coast Psychology Clinic","og_description":"[vc_row][vc_column][vc_column_text] Comment nous joindre? [\/vc_column_text][\/vc_column][\/vc_row][vc_row][vc_column width=\u00a0\u00bb2\/3&Prime;][vc_row_inner][vc_column_inner width=\u00a0\u00bb1\/2&Prime;][vc_column_text] Par t\u00e9l\u00e9phone: En raison de sessions avec d&rsquo;autres clients, nous ne sommes pas toujours en mesure de r\u00e9pondre aux appels imm\u00e9diatement. Laissez un message d\u00e9taill\u00e9 dans notre bo\u00eete vocale confidentielle et nous vous rappellerons dans les plus brefs d\u00e9lais. Veuillez indiquer dans votre message toute sensibilit\u00e9 concernant le&hellip;","og_url":"https:\/\/eastcoastclinic.ca\/fr\/contact\/","og_site_name":"East Coast Psychology Clinic","article_modified_time":"2021-09-29T18:19:39+00:00","og_image":[{"width":1024,"height":576,"url":"https:\/\/eastcoastclinic.ca\/wp-content\/uploads\/2019\/06\/East-Coast-Psychology-Clinic-Facebook-Share1.png","type":"image\/png"}],"twitter_card":"summary_large_image","twitter_misc":{"Estimation du temps de lecture":"1 minute"},"schema":{"@context":"https:\/\/schema.org","@graph":[{"@type":"WebPage","@id":"https:\/\/eastcoastclinic.ca\/fr\/contact\/","url":"https:\/\/eastcoastclinic.ca\/fr\/contact\/","name":"Nous joindre - East Coast Psychology Clinic","isPartOf":{"@id":"https:\/\/eastcoastclinic.ca\/#website"},"datePublished":"2018-01-25T19:31:25+00:00","dateModified":"2021-09-29T18:19:39+00:00","breadcrumb":{"@id":"https:\/\/eastcoastclinic.ca\/fr\/contact\/#breadcrumb"},"inLanguage":"fr-CA","potentialAction":[{"@type":"ReadAction","target":["https:\/\/eastcoastclinic.ca\/fr\/contact\/"]}]},{"@type":"BreadcrumbList","@id":"https:\/\/eastcoastclinic.ca\/fr\/contact\/#breadcrumb","itemListElement":[{"@type":"ListItem","position":1,"name":"Home","item":"https:\/\/eastcoastclinic.ca\/fr\/"},{"@type":"ListItem","position":2,"name":"Nous joindre"}]},{"@type":"WebSite","@id":"https:\/\/eastcoastclinic.ca\/#website","url":"https:\/\/eastcoastclinic.ca\/","name":"East Coast Psychology Clinic","description":"Learn to Navigate and to take charge of your life","potentialAction":[{"@type":"SearchAction","target":{"@type":"EntryPoint","urlTemplate":"https:\/\/eastcoastclinic.ca\/?s={search_term_string}"},"query-input":{"@type":"PropertyValueSpecification","valueRequired":true,"valueName":"search_term_string"}}],"inLanguage":"fr-CA"}]}},"_links":{"self":[{"href":"https:\/\/eastcoastclinic.ca\/fr\/wp-json\/wp\/v2\/pages\/1417","targetHints":{"allow":["GET"]}}],"collection":[{"href":"https:\/\/eastcoastclinic.ca\/fr\/wp-json\/wp\/v2\/pages"}],"about":[{"href":"https:\/\/eastcoastclinic.ca\/fr\/wp-json\/wp\/v2\/types\/page"}],"author":[{"embeddable":true,"href":"https:\/\/eastcoastclinic.ca\/fr\/wp-json\/wp\/v2\/users\/1"}],"replies":[{"embeddable":true,"href":"https:\/\/eastcoastclinic.ca\/fr\/wp-json\/wp\/v2\/comments?post=1417"}],"version-history":[{"count":14,"href":"https:\/\/eastcoastclinic.ca\/fr\/wp-json\/wp\/v2\/pages\/1417\/revisions"}],"predecessor-version":[{"id":1954,"href":"https:\/\/eastcoastclinic.ca\/fr\/wp-json\/wp\/v2\/pages\/1417\/revisions\/1954"}],"wp:attachment":[{"href":"https:\/\/eastcoastclinic.ca\/fr\/wp-json\/wp\/v2\/media?parent=1417"}],"curies":[{"name":"wp","href":"https:\/\/api.w.org\/{rel}","templated":true}]}}