{"id":1415,"date":"2018-02-05T15:01:59","date_gmt":"2018-02-05T20:01:59","guid":{"rendered":"http:\/\/eastcoastclinic.ca\/?page_id=1415"},"modified":"2021-08-25T12:10:08","modified_gmt":"2021-08-25T15:10:08","slug":"confidentialite","status":"publish","type":"page","link":"https:\/\/eastcoastclinic.ca\/fr\/confidentialite\/","title":{"rendered":"Confidentialit\u00e9"},"content":{"rendered":"<div class=\"wpb-content-wrapper\"><p>[vc_row][vc_column width=\u00a0\u00bb2\/3&Prime; css=\u00a0\u00bb.vc_custom_1572361224478{margin-bottom: 21px !important;}\u00a0\u00bb][vc_column_text]<\/p>\n<h2>Confidentialit\u00e9<\/h2>\n<p>[\/vc_column_text][vc_row_inner][vc_column_inner][vc_column_text]La confidentialit\u00e9 est le fondement des relations entre tout client et son th\u00e9rapeute, je suis tenue \u00e9thiquement et l\u00e9galement \u00e0 sauvegarder vos renseignements personnels et la fa\u00e7on utilis\u00e9e pour les recueillir ainsi que l\u2019usage et le partage de cette information avec d\u2019autres.<\/p>\n<p>Il est important que vous sachiez que dans certaines situations particuli\u00e8res, vos renseignements personnels peuvent \u00eatre d\u00e9voil\u00e9s sans votre consentement \u00e9crit.<\/p>\n<p>Celles-ci incluent:[\/vc_column_text]<div class=\"standard-arrow list-divider bullet-top\"><ul>\n<li>Lorsqu\u2019il y a des raisons raisonnables et vraisemblables de croire que votre s\u00e9curit\u00e9 ou celle d\u2019une autre personne est \u00e0 risque.<\/li>\n<li>Lorsqu\u2019il y a des raisons raisonnables et vraisemblables de croire qu\u2019un enfant ou un adulte vuln\u00e9rable subit de mauvais traitements ou est abus\u00e9.<\/li>\n<li>Lorsqu\u2019on doit d\u00e9noncer un professionnel de la sant\u00e9 pour abus ou mauvais traitement du client ou d\u2019un patient.<\/li>\n<li>Lorsque dans le code de proc\u00e9dure l\u00e9gale, une information est appel\u00e9e \u00e0 compara\u00eetre en justice.<\/li>\n<li>Lorsqu\u2019on doit r\u00e9pondre aux questions du Coll\u00e8ge des psychologues du Nouveau-Brunswick lorsque la conduite \u00e9thique d\u2019un psychologue est sous enqu\u00eate.<\/li>\n<\/ul>\n<\/div>[vc_column_text]De plus, certaines situations peuvent exiger qu\u2019on fasse appel \u00e0 une supervision ou consultation professionnelle afin de vous dispenser les soins les plus efficaces et appropri\u00e9s. Dans ce contexte vos renseignements personnels pourront \u00eatre partag\u00e9s sans toutefois d\u00e9voiler votre nom.[\/vc_column_text][\/vc_column_inner][\/vc_row_inner][\/vc_column][vc_column width=\u00a0\u00bb1\/3&Prime;][vc_cta h2=\u00a0\u00bb\u00a0\u00bb h4=\u00a0\u00bbPr\u00eat \u00e0 prendre rendez vous\u00a0\u00bb txt_align=\u00a0\u00bbcenter\u00a0\u00bb add_button=\u00a0\u00bbbottom\u00a0\u00bb btn_title=\u00a0\u00bbCliquez ici\u00a0\u00bb btn_color=\u00a0\u00bbprimary\u00a0\u00bb btn_align=\u00a0\u00bbcenter\u00a0\u00bb btn_link=\u00a0\u00bburl:http%3A%2F%2Feastcoastclinic.ca%2Ffr%2Fcontact%2F|||\u00a0\u00bb][\/vc_cta][vc_row_inner css=\u00a0\u00bb.vc_custom_1516892469225{margin-top: 1px !important;margin-right: 1px !important;margin-bottom: 1px !important;margin-left: 1px !important;border-top-width: 1px !important;border-right-width: 1px !important;border-bottom-width: 1px !important;border-left-width: 1px !important;background-color: #f7f7f7 !important;border-left-color: #f0f0f0 !important;border-right-color: #f0f0f0 !important;border-top-color: #f0f0f0 !important;border-bottom-color: #f0f0f0 !important;border-radius: 5px !important;}\u00a0\u00bb][vc_column_inner][vc_column_text]<\/p>\n<h4 style=\"text-align: center;\">Nous joindre<\/h4>\n<h6><em>Nous nous engageons \u00e0 maintenir votre confidentialit\u00e9. Ne pas inclure d\u2019informations confidentielles ou priv\u00e9es concernant votre \u00e9tat de sant\u00e9 dans ce formulaire, ou composez le <a href=\"\u201ctel:+1-506-830-7444\u201d\">506-830-7444<\/a> pour laisser un message dans notre bo\u00eete vocale confidentielle.<\/em><\/h6>\n<p>[\/vc_column_text]<script type=\"text\/javascript\">var gform;gform||(document.addEventListener(\"gform_main_scripts_loaded\",function(){gform.scriptsLoaded=!0}),window.addEventListener(\"DOMContentLoaded\",function(){gform.domLoaded=!0}),gform={domLoaded:!1,scriptsLoaded:!1,initializeOnLoaded:function(o){gform.domLoaded&&gform.scriptsLoaded?o():!gform.domLoaded&&gform.scriptsLoaded?window.addEventListener(\"DOMContentLoaded\",o):document.addEventListener(\"gform_main_scripts_loaded\",o)},hooks:{action:{},filter:{}},addAction:function(o,n,r,t){gform.addHook(\"action\",o,n,r,t)},addFilter:function(o,n,r,t){gform.addHook(\"filter\",o,n,r,t)},doAction:function(o){gform.doHook(\"action\",o,arguments)},applyFilters:function(o){return gform.doHook(\"filter\",o,arguments)},removeAction:function(o,n){gform.removeHook(\"action\",o,n)},removeFilter:function(o,n,r){gform.removeHook(\"filter\",o,n,r)},addHook:function(o,n,r,t,i){null==gform.hooks[o][n]&&(gform.hooks[o][n]=[]);var e=gform.hooks[o][n];null==i&&(i=n+\"_\"+e.length),gform.hooks[o][n].push({tag:i,callable:r,priority:t=null==t?10:t})},doHook:function(n,o,r){var t;if(r=Array.prototype.slice.call(r,1),null!=gform.hooks[n][o]&&((o=gform.hooks[n][o]).sort(function(o,n){return o.priority-n.priority}),o.forEach(function(o){\"function\"!=typeof(t=o.callable)&&(t=window[t]),\"action\"==n?t.apply(null,r):r[0]=t.apply(null,r)})),\"filter\"==n)return r[0]},removeHook:function(o,n,t,i){var r;null!=gform.hooks[o][n]&&(r=(r=gform.hooks[o][n]).filter(function(o,n,r){return!!(null!=i&&i!=o.tag||null!=t&&t!=o.priority)}),gform.hooks[o][n]=r)}});<\/script>\n                <div class='gf_browser_gecko gform_wrapper gform_legacy_markup_wrapper gform-theme--no-framework' data-form-theme='legacy' data-form-index='0' id='gform_wrapper_1' ><form method='post' enctype='multipart\/form-data'  id='gform_1'  action='\/fr\/wp-json\/wp\/v2\/pages\/1415' data-formid='1' >\n                        <div class='gform-body gform_body'><ul id='gform_fields_1' class='gform_fields top_label form_sublabel_below description_below'><li id=\"field_1_1\"  class=\"gfield gfield--type-text gfield_contains_required field_sublabel_below gfield--no-description field_description_below gfield_visibility_visible\"  data-js-reload=\"field_1_1\"><label class='gfield_label gform-field-label' for='input_1_1' >Nom<span class=\"gfield_required\"><span class=\"gfield_required gfield_required_asterisk\">*<\/span><\/span><\/label><div class='ginput_container ginput_container_text'><input name='input_1' id='input_1_1' type='text' value='' class='large'     aria-required=\"true\" aria-invalid=\"false\"   \/> <\/div><\/li><li id=\"field_1_3\"  class=\"gfield gfield--type-phone gfield_contains_required field_sublabel_below gfield--no-description field_description_below gfield_visibility_visible\"  data-js-reload=\"field_1_3\"><label class='gfield_label gform-field-label' for='input_1_3' >Num\u00e9ro de t\u00e9l\u00e9phone<span class=\"gfield_required\"><span class=\"gfield_required gfield_required_asterisk\">*<\/span><\/span><\/label><div class='ginput_container ginput_container_phone'><input name='input_3' id='input_1_3' type='text' value='' class='large'   aria-required=\"true\" aria-invalid=\"false\"   \/><\/div><\/li><li id=\"field_1_2\"  class=\"gfield gfield--type-email gfield_contains_required field_sublabel_below gfield--no-description field_description_below gfield_visibility_visible\"  data-js-reload=\"field_1_2\"><label class='gfield_label gform-field-label' for='input_1_2' >Courriel<span class=\"gfield_required\"><span class=\"gfield_required gfield_required_asterisk\">*<\/span><\/span><\/label><div class='ginput_container ginput_container_email'>\n                            <input name='input_2' id='input_1_2' type='text' value='' class='large'    aria-required=\"true\" aria-invalid=\"false\"  \/>\n                        <\/div><\/li><li id=\"field_1_4\"  class=\"gfield gfield--type-textarea field_sublabel_below gfield--no-description field_description_below gfield_visibility_visible\"  data-js-reload=\"field_1_4\"><label class='gfield_label gform-field-label' for='input_1_4' >Message<\/label><div class='ginput_container ginput_container_textarea'><textarea name='input_4' id='input_1_4' class='textarea medium'      aria-invalid=\"false\"   rows='10' cols='50'><\/textarea><\/div><\/li><li id=\"field_1_5\"  class=\"gfield gfield--type-captcha field_sublabel_below gfield--no-description field_description_below gfield_visibility_visible\"  data-js-reload=\"field_1_5\"><label class='gfield_label gform-field-label' for='input_1_5' >CAPTCHA<\/label><div id='input_1_5' class='ginput_container ginput_recaptcha' data-sitekey='6LffDYoaAAAAAOFGvbLRnMAC1VqdpEpb2arGuASu'  data-theme='light' data-tabindex='0'  data-badge=''><\/div><\/li><li id=\"field_1_6\"  class=\"gfield gfield--type-honeypot gform_validation_container field_sublabel_below gfield--has-description field_description_below gfield_visibility_visible\"  data-js-reload=\"field_1_6\"><label class='gfield_label gform-field-label' for='input_1_6' >Email<\/label><div class='ginput_container'><input name='input_6' id='input_1_6' type='text' value='' \/><\/div><div class='gfield_description' id='gfield_description_1_6'>Ce champ n\u2019est utilis\u00e9 qu\u2019\u00e0 des fins de validation et devrait rester inchang\u00e9.<\/div><\/li><\/ul><\/div>\n        <div class='gform_footer top_label'> <input type='submit' id='gform_submit_button_1' class='gform_button button' value='Soumettre'  onclick='if(window[\"gf_submitting_1\"]){return false;}  window[\"gf_submitting_1\"]=true;  ' onkeypress='if( event.keyCode == 13 ){ if(window[\"gf_submitting_1\"]){return false;} window[\"gf_submitting_1\"]=true;  jQuery(\"#gform_1\").trigger(\"submit\",[true]); }' \/> \n            <input type='hidden' class='gform_hidden' name='is_submit_1' value='1' \/>\n            <input type='hidden' class='gform_hidden' name='gform_submit' value='1' \/>\n            \n            <input type='hidden' class='gform_hidden' name='gform_unique_id' value='' \/>\n            <input type='hidden' class='gform_hidden' name='state_1' value='WyJbXSIsIjNiMzU5YjVkZDUyNGQzNjQ0NTJhMTVlYTM0YjM3YzNhIl0=' \/>\n            <input type='hidden' class='gform_hidden' name='gform_target_page_number_1' id='gform_target_page_number_1' value='0' \/>\n            <input type='hidden' class='gform_hidden' name='gform_source_page_number_1' id='gform_source_page_number_1' value='1' \/>\n            <input type='hidden' name='gform_field_values' value='' \/>\n            \n        <\/div>\n                        <\/form>\n                        <\/div><script>\ngform.initializeOnLoaded( function() {gformInitSpinner( 1, 'https:\/\/eastcoastclinic.ca\/wp-content\/plugins\/gravityforms\/images\/spinner.svg', true );jQuery('#gform_ajax_frame_1').on('load',function(){var contents = jQuery(this).contents().find('*').html();var is_postback = contents.indexOf('GF_AJAX_POSTBACK') >= 0;if(!is_postback){return;}var form_content = jQuery(this).contents().find('#gform_wrapper_1');var is_confirmation = jQuery(this).contents().find('#gform_confirmation_wrapper_1').length > 0;var is_redirect = contents.indexOf('gformRedirect(){') >= 0;var is_form = form_content.length > 0 && ! is_redirect && ! is_confirmation;var mt = parseInt(jQuery('html').css('margin-top'), 10) + parseInt(jQuery('body').css('margin-top'), 10) + 100;if(is_form){jQuery('#gform_wrapper_1').html(form_content.html());if(form_content.hasClass('gform_validation_error')){jQuery('#gform_wrapper_1').addClass('gform_validation_error');} else {jQuery('#gform_wrapper_1').removeClass('gform_validation_error');}setTimeout( function() { \/* delay the scroll by 50 milliseconds to fix a bug in chrome *\/  }, 50 );if(window['gformInitDatepicker']) {gformInitDatepicker();}if(window['gformInitPriceFields']) {gformInitPriceFields();}var current_page = jQuery('#gform_source_page_number_1').val();gformInitSpinner( 1, 'https:\/\/eastcoastclinic.ca\/wp-content\/plugins\/gravityforms\/images\/spinner.svg', true );jQuery(document).trigger('gform_page_loaded', [1, current_page]);window['gf_submitting_1'] = false;}else if(!is_redirect){var confirmation_content = jQuery(this).contents().find('.GF_AJAX_POSTBACK').html();if(!confirmation_content){confirmation_content = contents;}setTimeout(function(){jQuery('#gform_wrapper_1').replaceWith(confirmation_content);jQuery(document).trigger('gform_confirmation_loaded', [1]);window['gf_submitting_1'] = false;wp.a11y.speak(jQuery('#gform_confirmation_message_1').text());}, 50);}else{jQuery('#gform_1').append(contents);if(window['gformRedirect']) {gformRedirect();}}jQuery(document).trigger('gform_post_render', [1, current_page]);gform.utils.trigger({ event: 'gform\/postRender', native: false, data: { formId: 1, currentPage: current_page } });} );} );\n<\/script>\n[\/vc_column_inner][\/vc_row_inner][\/vc_column][\/vc_row]<\/p>\n<\/div>","protected":false},"excerpt":{"rendered":"<p>[vc_row][vc_column width=\u00a0\u00bb2\/3&Prime; css=\u00a0\u00bb.vc_custom_1572361224478{margin-bottom: 21px !important;}\u00a0\u00bb][vc_column_text] Confidentialit\u00e9 [\/vc_column_text][vc_row_inner][vc_column_inner][vc_column_text]La confidentialit\u00e9 est le fondement des relations entre tout client et son th\u00e9rapeute, je suis tenue \u00e9thiquement et l\u00e9galement \u00e0 sauvegarder vos renseignements personnels et la fa\u00e7on utilis\u00e9e pour les recueillir ainsi que l\u2019usage et le partage de cette information avec d\u2019autres. Il est important que vous sachiez que&hellip;<\/p>\n","protected":false},"author":1,"featured_media":0,"parent":0,"menu_order":0,"comment_status":"closed","ping_status":"closed","template":"","meta":{"footnotes":""},"class_list":["post-1415","page","type-page","status-publish","hentry","description-off"],"yoast_head":"<!-- This site is optimized with the Yoast SEO plugin v27.3 - https:\/\/yoast.com\/product\/yoast-seo-wordpress\/ -->\n<title>Confidentialit\u00e9 - East Coast Psychology Clinic<\/title>\n<meta name=\"robots\" content=\"index, follow, max-snippet:-1, max-image-preview:large, max-video-preview:-1\" \/>\n<link rel=\"canonical\" href=\"https:\/\/eastcoastclinic.ca\/fr\/confidentialite\/\" \/>\n<meta property=\"og:locale\" content=\"fr_CA\" \/>\n<meta property=\"og:type\" content=\"article\" \/>\n<meta property=\"og:title\" content=\"Confidentialit\u00e9 - East Coast Psychology Clinic\" \/>\n<meta property=\"og:description\" content=\"[vc_row][vc_column width=\u00a0\u00bb2\/3&Prime; css=\u00a0\u00bb.vc_custom_1572361224478{margin-bottom: 21px !important;}\u00a0\u00bb][vc_column_text] Confidentialit\u00e9 [\/vc_column_text][vc_row_inner][vc_column_inner][vc_column_text]La confidentialit\u00e9 est le fondement des relations entre tout client et son th\u00e9rapeute, je suis tenue \u00e9thiquement et l\u00e9galement \u00e0 sauvegarder vos renseignements personnels et la fa\u00e7on utilis\u00e9e pour les recueillir ainsi que l\u2019usage et le partage de cette information avec d\u2019autres. Il est important que vous sachiez que&hellip;\" \/>\n<meta property=\"og:url\" content=\"https:\/\/eastcoastclinic.ca\/fr\/confidentialite\/\" \/>\n<meta property=\"og:site_name\" content=\"East Coast Psychology Clinic\" \/>\n<meta property=\"article:modified_time\" content=\"2021-08-25T15:10:08+00:00\" \/>\n<meta property=\"og:image\" content=\"https:\/\/eastcoastclinic.ca\/wp-content\/uploads\/2019\/06\/East-Coast-Psychology-Clinic-Facebook-Share1.png\" \/>\n\t<meta property=\"og:image:width\" content=\"1024\" \/>\n\t<meta property=\"og:image:height\" content=\"576\" \/>\n\t<meta property=\"og:image:type\" content=\"image\/png\" \/>\n<meta name=\"twitter:card\" content=\"summary_large_image\" \/>\n<meta name=\"twitter:label1\" content=\"Estimation du temps de lecture\" \/>\n\t<meta name=\"twitter:data1\" content=\"2 minutes\" \/>\n<script type=\"application\/ld+json\" class=\"yoast-schema-graph\">{\"@context\":\"https:\\\/\\\/schema.org\",\"@graph\":[{\"@type\":\"WebPage\",\"@id\":\"https:\\\/\\\/eastcoastclinic.ca\\\/fr\\\/confidentialite\\\/\",\"url\":\"https:\\\/\\\/eastcoastclinic.ca\\\/fr\\\/confidentialite\\\/\",\"name\":\"Confidentialit\u00e9 - East Coast Psychology Clinic\",\"isPartOf\":{\"@id\":\"https:\\\/\\\/eastcoastclinic.ca\\\/#website\"},\"datePublished\":\"2018-02-05T20:01:59+00:00\",\"dateModified\":\"2021-08-25T15:10:08+00:00\",\"breadcrumb\":{\"@id\":\"https:\\\/\\\/eastcoastclinic.ca\\\/fr\\\/confidentialite\\\/#breadcrumb\"},\"inLanguage\":\"fr-CA\",\"potentialAction\":[{\"@type\":\"ReadAction\",\"target\":[\"https:\\\/\\\/eastcoastclinic.ca\\\/fr\\\/confidentialite\\\/\"]}]},{\"@type\":\"BreadcrumbList\",\"@id\":\"https:\\\/\\\/eastcoastclinic.ca\\\/fr\\\/confidentialite\\\/#breadcrumb\",\"itemListElement\":[{\"@type\":\"ListItem\",\"position\":1,\"name\":\"Home\",\"item\":\"https:\\\/\\\/eastcoastclinic.ca\\\/fr\\\/\"},{\"@type\":\"ListItem\",\"position\":2,\"name\":\"Confidentialit\u00e9\"}]},{\"@type\":\"WebSite\",\"@id\":\"https:\\\/\\\/eastcoastclinic.ca\\\/#website\",\"url\":\"https:\\\/\\\/eastcoastclinic.ca\\\/\",\"name\":\"East Coast Psychology Clinic\",\"description\":\"Learn to Navigate and to take charge of your life\",\"potentialAction\":[{\"@type\":\"SearchAction\",\"target\":{\"@type\":\"EntryPoint\",\"urlTemplate\":\"https:\\\/\\\/eastcoastclinic.ca\\\/?s={search_term_string}\"},\"query-input\":{\"@type\":\"PropertyValueSpecification\",\"valueRequired\":true,\"valueName\":\"search_term_string\"}}],\"inLanguage\":\"fr-CA\"}]}<\/script>\n<!-- \/ Yoast SEO plugin. -->","yoast_head_json":{"title":"Confidentialit\u00e9 - East Coast Psychology Clinic","robots":{"index":"index","follow":"follow","max-snippet":"max-snippet:-1","max-image-preview":"max-image-preview:large","max-video-preview":"max-video-preview:-1"},"canonical":"https:\/\/eastcoastclinic.ca\/fr\/confidentialite\/","og_locale":"fr_CA","og_type":"article","og_title":"Confidentialit\u00e9 - East Coast Psychology Clinic","og_description":"[vc_row][vc_column width=\u00a0\u00bb2\/3&Prime; css=\u00a0\u00bb.vc_custom_1572361224478{margin-bottom: 21px !important;}\u00a0\u00bb][vc_column_text] Confidentialit\u00e9 [\/vc_column_text][vc_row_inner][vc_column_inner][vc_column_text]La confidentialit\u00e9 est le fondement des relations entre tout client et son th\u00e9rapeute, je suis tenue \u00e9thiquement et l\u00e9galement \u00e0 sauvegarder vos renseignements personnels et la fa\u00e7on utilis\u00e9e pour les recueillir ainsi que l\u2019usage et le partage de cette information avec d\u2019autres. Il est important que vous sachiez que&hellip;","og_url":"https:\/\/eastcoastclinic.ca\/fr\/confidentialite\/","og_site_name":"East Coast Psychology Clinic","article_modified_time":"2021-08-25T15:10:08+00:00","og_image":[{"width":1024,"height":576,"url":"https:\/\/eastcoastclinic.ca\/wp-content\/uploads\/2019\/06\/East-Coast-Psychology-Clinic-Facebook-Share1.png","type":"image\/png"}],"twitter_card":"summary_large_image","twitter_misc":{"Estimation du temps de lecture":"2 minutes"},"schema":{"@context":"https:\/\/schema.org","@graph":[{"@type":"WebPage","@id":"https:\/\/eastcoastclinic.ca\/fr\/confidentialite\/","url":"https:\/\/eastcoastclinic.ca\/fr\/confidentialite\/","name":"Confidentialit\u00e9 - East Coast Psychology Clinic","isPartOf":{"@id":"https:\/\/eastcoastclinic.ca\/#website"},"datePublished":"2018-02-05T20:01:59+00:00","dateModified":"2021-08-25T15:10:08+00:00","breadcrumb":{"@id":"https:\/\/eastcoastclinic.ca\/fr\/confidentialite\/#breadcrumb"},"inLanguage":"fr-CA","potentialAction":[{"@type":"ReadAction","target":["https:\/\/eastcoastclinic.ca\/fr\/confidentialite\/"]}]},{"@type":"BreadcrumbList","@id":"https:\/\/eastcoastclinic.ca\/fr\/confidentialite\/#breadcrumb","itemListElement":[{"@type":"ListItem","position":1,"name":"Home","item":"https:\/\/eastcoastclinic.ca\/fr\/"},{"@type":"ListItem","position":2,"name":"Confidentialit\u00e9"}]},{"@type":"WebSite","@id":"https:\/\/eastcoastclinic.ca\/#website","url":"https:\/\/eastcoastclinic.ca\/","name":"East Coast Psychology Clinic","description":"Learn to Navigate and to take charge of your life","potentialAction":[{"@type":"SearchAction","target":{"@type":"EntryPoint","urlTemplate":"https:\/\/eastcoastclinic.ca\/?s={search_term_string}"},"query-input":{"@type":"PropertyValueSpecification","valueRequired":true,"valueName":"search_term_string"}}],"inLanguage":"fr-CA"}]}},"_links":{"self":[{"href":"https:\/\/eastcoastclinic.ca\/fr\/wp-json\/wp\/v2\/pages\/1415","targetHints":{"allow":["GET"]}}],"collection":[{"href":"https:\/\/eastcoastclinic.ca\/fr\/wp-json\/wp\/v2\/pages"}],"about":[{"href":"https:\/\/eastcoastclinic.ca\/fr\/wp-json\/wp\/v2\/types\/page"}],"author":[{"embeddable":true,"href":"https:\/\/eastcoastclinic.ca\/fr\/wp-json\/wp\/v2\/users\/1"}],"replies":[{"embeddable":true,"href":"https:\/\/eastcoastclinic.ca\/fr\/wp-json\/wp\/v2\/comments?post=1415"}],"version-history":[{"count":15,"href":"https:\/\/eastcoastclinic.ca\/fr\/wp-json\/wp\/v2\/pages\/1415\/revisions"}],"predecessor-version":[{"id":1947,"href":"https:\/\/eastcoastclinic.ca\/fr\/wp-json\/wp\/v2\/pages\/1415\/revisions\/1947"}],"wp:attachment":[{"href":"https:\/\/eastcoastclinic.ca\/fr\/wp-json\/wp\/v2\/media?parent=1415"}],"curies":[{"name":"wp","href":"https:\/\/api.w.org\/{rel}","templated":true}]}}